{"id":866,"date":"2014-09-13T13:17:36","date_gmt":"2014-09-13T13:17:36","guid":{"rendered":"http:\/\/www.launce.de\/?page_id=866"},"modified":"2021-05-02T10:19:27","modified_gmt":"2021-05-02T10:19:27","slug":"musique","status":"publish","type":"page","link":"http:\/\/www.launce.de\/?page_id=866","title":{"rendered":"musique"},"content":{"rendered":"\n<center>\n<h2>LAUNCE &#8211; MUSTACHE ET BON VOYAGE [Digital Album]<\/h2>\n<\/center>\n<p><img loading=\"lazy\" decoding=\"async\" class=\"alignleft wp-image-1637\" src=\"http:\/\/www.launce.de\/wp-content\/uploads\/2021\/04\/WhatsApp-Image-2021-03-27-at-15.58.46-1-300x297.jpeg\" alt=\"\" width=\"250\" height=\"248\" srcset=\"http:\/\/www.launce.de\/wp-content\/uploads\/2021\/04\/WhatsApp-Image-2021-03-27-at-15.58.46-1-300x297.jpeg 300w, http:\/\/www.launce.de\/wp-content\/uploads\/2021\/04\/WhatsApp-Image-2021-03-27-at-15.58.46-1-1024x1015.jpeg 1024w, http:\/\/www.launce.de\/wp-content\/uploads\/2021\/04\/WhatsApp-Image-2021-03-27-at-15.58.46-1-150x150.jpeg 150w, http:\/\/www.launce.de\/wp-content\/uploads\/2021\/04\/WhatsApp-Image-2021-03-27-at-15.58.46-1-100x100.jpeg 100w, http:\/\/www.launce.de\/wp-content\/uploads\/2021\/04\/WhatsApp-Image-2021-03-27-at-15.58.46-1.jpeg 1428w\" sizes=\"(max-width: 250px) 100vw, 250px\" \/>Drei Lockdowns hats gedauert und nu isses endlich fertig. Das neuste digitalisierte Werk deiner ehemaligen und k\u00fcnftigen Lieblingsband steht in den Regalen der Streaminganbieter.<\/p>\n<\/br>\n<\/br>\n<\/br>\n<\/br>\n<\/br>\n<center><iframe loading=\"lazy\" src=\"https:\/\/open.spotify.com\/embed\/album\/5NBL8WZvo9OdNLfG2Wxgzu\" width=\"500\" height=\"380\" frameborder=\"0\"><\/iframe><\/center>\n<\/br>\n<center>\n<h2>LAUNCE &#8211; Z\u00c9RO [CD Album]<\/h2>\n<\/center>\n<p><img loading=\"lazy\" decoding=\"async\" class=\"alignleft wp-image-1473\" src=\"http:\/\/www.launce.de\/wp-content\/uploads\/2015\/05\/cropped-cover1-300x300.jpg\" alt=\"\" width=\"250\" height=\"250\" srcset=\"http:\/\/www.launce.de\/wp-content\/uploads\/2015\/05\/cropped-cover1-300x300.jpg 300w, http:\/\/www.launce.de\/wp-content\/uploads\/2015\/05\/cropped-cover1-150x150.jpg 150w, http:\/\/www.launce.de\/wp-content\/uploads\/2015\/05\/cropped-cover1-100x100.jpg 100w, http:\/\/www.launce.de\/wp-content\/uploads\/2015\/05\/cropped-cover1-270x270.jpg 270w, http:\/\/www.launce.de\/wp-content\/uploads\/2015\/05\/cropped-cover1-192x192.jpg 192w, http:\/\/www.launce.de\/wp-content\/uploads\/2015\/05\/cropped-cover1-180x180.jpg 180w, http:\/\/www.launce.de\/wp-content\/uploads\/2015\/05\/cropped-cover1-32x32.jpg 32w, http:\/\/www.launce.de\/wp-content\/uploads\/2015\/05\/cropped-cover1.jpg 512w\" sizes=\"(max-width: 250px) 100vw, 250px\" \/>In einem Universum, in dem Enthaltsamkeit und Pr\u00fcderie herrscht, haben sich 4 K\u00e4mpfer des Erotikrock zusammen mit einem Hahn auf den Weg gemacht, um zwischen Uranus und Analus die Liebe und die Erotik wieder unter die Bewohner der Galaxis zu bringen. Ihre Waffe ist der Sex geladene theatrale Performance-Excess auf der B\u00fchne und ihr nun speziell entwickeltes Album!<\/p>\n<center>\n<h3>Das Album &#8222;Z\u00earo&#8220; erh\u00e4lst du f\u00fcr nur 5 EUR ! (zzgl. 1.50 EUR Versand)<\/h3>\n<p><div class=\"wp_cart_button_wrapper\"><form method=\"post\" class=\"wp-cart-button-form\" action=\"\" style=\"display:inline\" onsubmit=\"return ReadForm(this, true);\" ><input type=\"hidden\" id=\"_wpnonce\" name=\"_wpnonce\" value=\"247f133a55\" \/><input type=\"hidden\" name=\"_wp_http_referer\" value=\"\/index.php?rest_route=%2Fwp%2Fv2%2Fpages%2F866\" \/><input type=\"submit\" class=\"wspsc_add_cart_submit\" name=\"wspsc_add_cart_submit\" value=\"JETZT KAUFEN :)\" \/><input type=\"hidden\" name=\"wspsc_product\" value=\"LAUNCE - Z\u00c9RO *Album*\" \/><input type=\"hidden\" name=\"price\" value=\"5.00\" \/><input type=\"hidden\" name=\"shipping\" value=\"1.50\" \/><input type=\"hidden\" name=\"addcart\" value=\"1\" \/><input type=\"hidden\" name=\"cartLink\" value=\"http:\/\/launce.de\/index.php?rest_route=%2Fwp%2Fv2%2Fpages%2F866\" \/><input type=\"hidden\" name=\"product_tmp\" value=\"LAUNCE - Z\u00c9RO *Album*\" \/><input type=\"hidden\" name=\"item_number\" value=\"\" \/><input type=\"hidden\" name=\"hash_one\" value=\"842e81f0248441ef95004553616e5f5c\" \/><input type=\"hidden\" name=\"hash_two\" value=\"098ae9de19e97f5c4b3baa22efc58ad0\" \/><\/form><\/div><br \/><\/p>\n<p><iframe loading=\"lazy\" src=\"https:\/\/open.spotify.com\/embed?uri=spotify:album:0za4YbmUJuspYQ120C8ogZ\" width=\"500\" height=\"380\" frameborder=\"0\"><\/iframe><\/p>\n<\/center>\n","protected":false},"excerpt":{"rendered":"<p>LAUNCE &#8211; MUSTACHE ET BON VOYAGE [Digital Album] Drei Lockdowns hats gedauert und nu isses endlich fertig. Das neuste digitalisierte Werk deiner ehemaligen und k\u00fcnftigen Lieblingsband steht in den Regalen der Streaminganbieter. LAUNCE &#8211; Z\u00c9RO [CD Album] In einem Universum, in dem Enthaltsamkeit und Pr\u00fcderie herrscht, haben sich 4 K\u00e4mpfer des Erotikrock zusammen mit einem &hellip; <\/p>\n<p class=\"link-more\"><a href=\"http:\/\/www.launce.de\/?page_id=866\" class=\"more-link\"><span class=\"screen-reader-text\">\u201emusique\u201c<\/span> weiterlesen<\/a><\/p>\n","protected":false},"author":4,"featured_media":0,"parent":0,"menu_order":0,"comment_status":"open","ping_status":"open","template":"","meta":{"footnotes":""},"_links":{"self":[{"href":"http:\/\/www.launce.de\/index.php?rest_route=\/wp\/v2\/pages\/866"}],"collection":[{"href":"http:\/\/www.launce.de\/index.php?rest_route=\/wp\/v2\/pages"}],"about":[{"href":"http:\/\/www.launce.de\/index.php?rest_route=\/wp\/v2\/types\/page"}],"author":[{"embeddable":true,"href":"http:\/\/www.launce.de\/index.php?rest_route=\/wp\/v2\/users\/4"}],"replies":[{"embeddable":true,"href":"http:\/\/www.launce.de\/index.php?rest_route=%2Fwp%2Fv2%2Fcomments&post=866"}],"version-history":[{"count":62,"href":"http:\/\/www.launce.de\/index.php?rest_route=\/wp\/v2\/pages\/866\/revisions"}],"predecessor-version":[{"id":1695,"href":"http:\/\/www.launce.de\/index.php?rest_route=\/wp\/v2\/pages\/866\/revisions\/1695"}],"wp:attachment":[{"href":"http:\/\/www.launce.de\/index.php?rest_route=%2Fwp%2Fv2%2Fmedia&parent=866"}],"curies":[{"name":"wp","href":"https:\/\/api.w.org\/{rel}","templated":true}]}}